{"id":6702,"date":"2023-12-13T14:51:46","date_gmt":"2023-12-13T12:51:46","guid":{"rendered":"https:\/\/kivenalla.fi\/tuote\/lahjakortti\/"},"modified":"2025-12-09T10:29:34","modified_gmt":"2025-12-09T08:29:34","slug":"lahjakortti","status":"publish","type":"product","link":"https:\/\/kivenalla.fi\/en\/product\/lahjakortti\/","title":{"rendered":"Lahjakortti verkkokauppaan"},"content":{"rendered":"<p><span class=\"menutext\"><b>Lahjakortti l\u00e4htee s\u00e4hk\u00f6postiisi heti tilauksen maksamisen j\u00e4lkeen. Valitse toimitustavaksi Toimitus s\u00e4hk\u00f6postilla.<\/b><\/span><\/p>\n<p><span class=\"menutext\">Lahjakortin arvon p\u00e4\u00e4set itse valitsemaan. Lahjakortti on voimassa verkkokaupassamme 12 kuukauden ajan ostohetkest\u00e4.<\/span><\/p>\n<p>Lahjakortin voit k\u00e4ytt\u00e4\u00e4 vaikka useamassa osassa eli sinun ei tarvitse k\u00e4ytt\u00e4\u00e4 koko lahjakortin summaa kerralla www.kivenalla.fi -verkkokaupassa, ja sill\u00e4 voi maksaa my\u00f6s postimaksuja. Kortti on voimassa 12 kuukautta ostohetkest\u00e4 eik\u00e4 k\u00e4ytt\u00e4m\u00e4tt\u00f6mi\u00e4 kortteja lunasteta takaisin.<\/p>","protected":false},"excerpt":{"rendered":"<p><span class=\"menutext\"><b>Lahjakortti toimitetaan s\u00e4hk\u00f6postiisi automaattisesti tilauksen maksamisen j\u00e4lkeen.<\/b><\/span><\/p>","protected":false},"featured_media":6691,"comment_status":"open","ping_status":"closed","template":"","meta":{"_kadence_starter_templates_imported_post":false,"_kad_post_transparent":"default","_kad_post_title":"","_kad_post_layout":"default","_kad_post_sidebar_id":"","_kad_post_content_style":"default","_kad_post_vertical_padding":"default","_kad_post_feature":"","_kad_post_feature_position":"","_kad_post_header":false,"_kad_post_footer":false,"_kad_post_classname":""},"product_brand":[],"product_cat":[1662,1533],"product_tag":[411],"class_list":{"0":"post-6702","1":"product","2":"type-product","3":"status-publish","4":"has-post-thumbnail","6":"product_cat-joulu","7":"product_cat-lahjakortit","8":"product_tag-lahjakortti","10":"first","11":"instock","12":"purchasable","13":"product-type-pw-gift-card","14":"entry","15":"content-bg","16":"loop-entry"},"_links":{"self":[{"href":"https:\/\/kivenalla.fi\/en\/wp-json\/wp\/v2\/product\/6702","targetHints":{"allow":["GET"]}}],"collection":[{"href":"https:\/\/kivenalla.fi\/en\/wp-json\/wp\/v2\/product"}],"about":[{"href":"https:\/\/kivenalla.fi\/en\/wp-json\/wp\/v2\/types\/product"}],"replies":[{"embeddable":true,"href":"https:\/\/kivenalla.fi\/en\/wp-json\/wp\/v2\/comments?post=6702"}],"wp:featuredmedia":[{"embeddable":true,"href":"https:\/\/kivenalla.fi\/en\/wp-json\/wp\/v2\/media\/6691"}],"wp:attachment":[{"href":"https:\/\/kivenalla.fi\/en\/wp-json\/wp\/v2\/media?parent=6702"}],"wp:term":[{"taxonomy":"product_brand","embeddable":true,"href":"https:\/\/kivenalla.fi\/en\/wp-json\/wp\/v2\/product_brand?post=6702"},{"taxonomy":"product_cat","embeddable":true,"href":"https:\/\/kivenalla.fi\/en\/wp-json\/wp\/v2\/product_cat?post=6702"},{"taxonomy":"product_tag","embeddable":true,"href":"https:\/\/kivenalla.fi\/en\/wp-json\/wp\/v2\/product_tag?post=6702"}],"curies":[{"name":"wp","href":"https:\/\/api.w.org\/{rel}","templated":true}]}}