{"id":6949,"date":"2024-01-17T14:01:42","date_gmt":"2024-01-17T12:01:42","guid":{"rendered":"https:\/\/kivenalla.fi\/?post_type=product&#038;p=6949"},"modified":"2024-11-22T15:22:43","modified_gmt":"2024-11-22T13:22:43","slug":"viiksitarra-seurantakoodilla-autoon-valkoinen","status":"publish","type":"product","link":"https:\/\/kivenalla.fi\/en\/product\/viiksitarra-seurantakoodilla-autoon-valkoinen\/","title":{"rendered":"Trackable Mustache Car Sticker (White)"},"content":{"rendered":"<p>Oletko valmis uuteen ja hippim\u00e4isen upeaan seurantakoodilliseen autotarraan? Siin\u00e4 tapauksessa Viiksitarra seurantakoodilla on kuin sinua varten luotu!<\/p>\n<p>T\u00e4m\u00e4 hauska tarra on v\u00e4rilt\u00e4\u00e4n valkoinen ja leveydelt\u00e4\u00e4n tarjolla joko mustana tai valkoisena, leveyksilt\u00e4\u00e4n 20 cm. Laita se geokulkuneuvosi etu- tai takapuolelle \u2013 tai mihin tahansa, miss\u00e4 pysyville viiksille on tilaa!<\/p>\n<p>Tarra on eritt\u00e4in laadukasta vinyyli\u00e4 ja liimapinta takaa, ett\u00e4 viikset pysyv\u00e4t paikallaan autosi ulkopinnassa, ikkunassa tai miss\u00e4 ikin\u00e4 haluatkin sen n\u00e4kyv\u00e4n!<\/p>","protected":false},"excerpt":{"rendered":"<p>Oletko valmis uuteen ja hippim\u00e4isen upeaan seurantakoodilliseen autotarraan? Siin\u00e4 tapauksessa Viiksitarra seurantakoodilla on kuin sinua varten luotu!<\/p>","protected":false},"featured_media":6950,"comment_status":"open","ping_status":"closed","template":"","meta":{"_kadence_starter_templates_imported_post":false,"_kad_post_transparent":"","_kad_post_title":"","_kad_post_layout":"","_kad_post_sidebar_id":"","_kad_post_content_style":"","_kad_post_vertical_padding":"","_kad_post_feature":"","_kad_post_feature_position":"","_kad_post_header":false,"_kad_post_footer":false,"_kad_post_classname":""},"product_brand":[],"product_cat":[1655,1537,1585],"product_tag":[],"class_list":{"0":"post-6949","1":"product","2":"type-product","3":"status-publish","4":"has-post-thumbnail","6":"product_cat-ale30","7":"product_cat-travel-bugit","8":"product_cat-uudet-tuotteet","10":"first","11":"instock","12":"taxable","13":"shipping-taxable","14":"purchasable","15":"product-type-simple","16":"entry","17":"content-bg","18":"loop-entry"},"_links":{"self":[{"href":"https:\/\/kivenalla.fi\/en\/wp-json\/wp\/v2\/product\/6949","targetHints":{"allow":["GET"]}}],"collection":[{"href":"https:\/\/kivenalla.fi\/en\/wp-json\/wp\/v2\/product"}],"about":[{"href":"https:\/\/kivenalla.fi\/en\/wp-json\/wp\/v2\/types\/product"}],"replies":[{"embeddable":true,"href":"https:\/\/kivenalla.fi\/en\/wp-json\/wp\/v2\/comments?post=6949"}],"wp:featuredmedia":[{"embeddable":true,"href":"https:\/\/kivenalla.fi\/en\/wp-json\/wp\/v2\/media\/6950"}],"wp:attachment":[{"href":"https:\/\/kivenalla.fi\/en\/wp-json\/wp\/v2\/media?parent=6949"}],"wp:term":[{"taxonomy":"product_brand","embeddable":true,"href":"https:\/\/kivenalla.fi\/en\/wp-json\/wp\/v2\/product_brand?post=6949"},{"taxonomy":"product_cat","embeddable":true,"href":"https:\/\/kivenalla.fi\/en\/wp-json\/wp\/v2\/product_cat?post=6949"},{"taxonomy":"product_tag","embeddable":true,"href":"https:\/\/kivenalla.fi\/en\/wp-json\/wp\/v2\/product_tag?post=6949"}],"curies":[{"name":"wp","href":"https:\/\/api.w.org\/{rel}","templated":true}]}}