{"id":7064,"date":"2024-01-18T13:48:07","date_gmt":"2024-01-18T11:48:07","guid":{"rendered":"https:\/\/kivenalla.fi\/?post_type=product&#038;p=7064"},"modified":"2024-07-30T13:46:25","modified_gmt":"2024-07-30T10:46:25","slug":"leatherman-rebar","status":"publish","type":"product","link":"https:\/\/kivenalla.fi\/en\/product\/leatherman-rebar\/","title":{"rendered":"Leatherman Rebar"},"content":{"rendered":"<p>T\u00e4ysikokoisten monitoimity\u00f6kalujen sarjaan kuuluva Leatherman Rebar pit\u00e4\u00e4 sis\u00e4ll\u00e4\u00e4n 17 ty\u00f6kalua!<br>Rebar sopii huolto-, s\u00e4\u00e4t\u00f6- ja virityspulmien ratkojaksi sek\u00e4 kotiin, m\u00f6kille ett\u00e4 ty\u00f6paikalle. Mukana toimitetaan nyloninen vy\u00f6kotelo.<\/p>\n\n\n\n<p><strong>Technical details<\/strong><\/p>\n\n\n\n<p>K\u00e4rkipihdit<br>Vaihdettavat sivuleikkurit<br>Vaijerileikkuri<br>Suorater\u00e4inen veitsi<br>Sahater\u00e4inen veitsi<br>Phillips screwdriver<br>2 ruuvimeisseli\u00e4<br>Johdonkuorija<br>Liitinpuristin<br>Viila<br>Saha<br>Measuring tool<br>Naskali<br>Pullonavaaja<br>T\u00f6lkinavaaja<br>Ripustuslenkki<br>Nylonkotelo<br>Kaikki ter\u00e4t lukkiutuvat<br><\/p>\n\n\n\n<p>Pituus 10 cm<br>Paino 190 g<\/p>","protected":false},"excerpt":{"rendered":"<p>T\u00e4ysikokoisten monitoimity\u00f6kalujen sarjaan kuuluva Leatherman Rebar pit\u00e4\u00e4 sis\u00e4ll\u00e4\u00e4n 17 ty\u00f6kalua!<\/p>","protected":false},"featured_media":7066,"comment_status":"open","ping_status":"closed","template":"","meta":{"_kadence_starter_templates_imported_post":false,"_kad_post_transparent":"","_kad_post_title":"","_kad_post_layout":"","_kad_post_sidebar_id":"","_kad_post_content_style":"","_kad_post_vertical_padding":"","_kad_post_feature":"","_kad_post_feature_position":"","_kad_post_header":false,"_kad_post_footer":false,"_kad_post_classname":""},"product_brand":[],"product_cat":[1531],"product_tag":[416,1152,1595],"class_list":{"0":"post-7064","1":"product","2":"type-product","3":"status-publish","4":"has-post-thumbnail","6":"product_cat-leatherman","7":"product_tag-leatherman","8":"product_tag-monitoimityokalu","9":"product_tag-rebar","11":"first","12":"onbackorder","13":"taxable","14":"shipping-taxable","15":"purchasable","16":"product-type-simple","17":"entry","18":"content-bg","19":"loop-entry"},"_links":{"self":[{"href":"https:\/\/kivenalla.fi\/en\/wp-json\/wp\/v2\/product\/7064","targetHints":{"allow":["GET"]}}],"collection":[{"href":"https:\/\/kivenalla.fi\/en\/wp-json\/wp\/v2\/product"}],"about":[{"href":"https:\/\/kivenalla.fi\/en\/wp-json\/wp\/v2\/types\/product"}],"replies":[{"embeddable":true,"href":"https:\/\/kivenalla.fi\/en\/wp-json\/wp\/v2\/comments?post=7064"}],"wp:featuredmedia":[{"embeddable":true,"href":"https:\/\/kivenalla.fi\/en\/wp-json\/wp\/v2\/media\/7066"}],"wp:attachment":[{"href":"https:\/\/kivenalla.fi\/en\/wp-json\/wp\/v2\/media?parent=7064"}],"wp:term":[{"taxonomy":"product_brand","embeddable":true,"href":"https:\/\/kivenalla.fi\/en\/wp-json\/wp\/v2\/product_brand?post=7064"},{"taxonomy":"product_cat","embeddable":true,"href":"https:\/\/kivenalla.fi\/en\/wp-json\/wp\/v2\/product_cat?post=7064"},{"taxonomy":"product_tag","embeddable":true,"href":"https:\/\/kivenalla.fi\/en\/wp-json\/wp\/v2\/product_tag?post=7064"}],"curies":[{"name":"wp","href":"https:\/\/api.w.org\/{rel}","templated":true}]}}