{"id":7067,"date":"2024-01-18T13:57:56","date_gmt":"2024-01-18T11:57:56","guid":{"rendered":"https:\/\/kivenalla.fi\/?post_type=product&#038;p=7067"},"modified":"2025-11-25T09:42:41","modified_gmt":"2025-11-25T07:42:41","slug":"leatherman-skeletool-cx","status":"publish","type":"product","link":"https:\/\/kivenalla.fi\/en\/product\/leatherman-skeletool-cx\/","title":{"rendered":"Leatherman Skeletool CX"},"content":{"rendered":"<p>Leatherman Skeletool CX -malli sis\u00e4lt\u00e4\u00e4 tarpeelliset ty\u00f6kalut kompaktissa paketissa. Leatherman Skeletool suunniteltiin periaatteella: &#8221;Siin\u00e4 on oltava monipuolisesti ominaisuuksia, mutta kaikki pakattuna k\u00e4tev\u00e4\u00e4n kokoon.&#8221; Kun otat monitoimity\u00f6kalun k\u00e4teesi ja tutustut siihen, huomaat ett\u00e4 tavoitteessa on onnistuttu. T\u00e4m\u00e4 n\u00e4pp\u00e4r\u00e4n kokoinen monitoimity\u00f6kalu kulkee kevyesti mukana esimerkiksi luonnossa vaeltaessa. J\u00e4m\u00e4kk\u00e4\u00e4n ty\u00f6kaluun on pakattu kaikkein tarpellisimmat ja suosituimmat ty\u00f6kalut.&nbsp;<\/p>\n\n\n\n<p><br><strong>Technical details<br><\/strong><br>2 Ristip\u00e4\u00e4meisseli\u00e4<br>2 ruuvimeisseli\u00e4<br>Irroitettava vy\u00f6klipsi<br>Kaikki ter\u00e4t lukkiutuvat<br>Kiinte\u00e4 BitKit -adapteri<br>K\u00e4rkipihdit<br>Pullonavaaja<br>Ripustuslenkki<br>Sivuleikkurit<br>Veitsi<br>Pituus: 10 cm<br>Paino: 142 g<\/p>","protected":false},"excerpt":{"rendered":"<p>Leatherman Skeletool CX -malli sis\u00e4lt\u00e4\u00e4 tarpeelliset ty\u00f6kalut kompaktissa paketissa.<\/p>","protected":false},"featured_media":7071,"comment_status":"open","ping_status":"closed","template":"","meta":{"_kadence_starter_templates_imported_post":false,"_kad_post_transparent":"","_kad_post_title":"","_kad_post_layout":"","_kad_post_sidebar_id":"","_kad_post_content_style":"","_kad_post_vertical_padding":"","_kad_post_feature":"","_kad_post_feature_position":"","_kad_post_header":false,"_kad_post_footer":false,"_kad_post_classname":""},"product_brand":[],"product_cat":[1654,1531],"product_tag":[416,1626,1152],"class_list":{"0":"post-7067","1":"product","2":"type-product","3":"status-publish","4":"has-post-thumbnail","6":"product_cat-ale20","7":"product_cat-leatherman","8":"product_tag-leatherman","9":"product_tag-leatherman-skeletool","10":"product_tag-monitoimityokalu","12":"first","13":"onbackorder","14":"taxable","15":"shipping-taxable","16":"purchasable","17":"product-type-simple","18":"entry","19":"content-bg","20":"loop-entry"},"_links":{"self":[{"href":"https:\/\/kivenalla.fi\/en\/wp-json\/wp\/v2\/product\/7067","targetHints":{"allow":["GET"]}}],"collection":[{"href":"https:\/\/kivenalla.fi\/en\/wp-json\/wp\/v2\/product"}],"about":[{"href":"https:\/\/kivenalla.fi\/en\/wp-json\/wp\/v2\/types\/product"}],"replies":[{"embeddable":true,"href":"https:\/\/kivenalla.fi\/en\/wp-json\/wp\/v2\/comments?post=7067"}],"wp:featuredmedia":[{"embeddable":true,"href":"https:\/\/kivenalla.fi\/en\/wp-json\/wp\/v2\/media\/7071"}],"wp:attachment":[{"href":"https:\/\/kivenalla.fi\/en\/wp-json\/wp\/v2\/media?parent=7067"}],"wp:term":[{"taxonomy":"product_brand","embeddable":true,"href":"https:\/\/kivenalla.fi\/en\/wp-json\/wp\/v2\/product_brand?post=7067"},{"taxonomy":"product_cat","embeddable":true,"href":"https:\/\/kivenalla.fi\/en\/wp-json\/wp\/v2\/product_cat?post=7067"},{"taxonomy":"product_tag","embeddable":true,"href":"https:\/\/kivenalla.fi\/en\/wp-json\/wp\/v2\/product_tag?post=7067"}],"curies":[{"name":"wp","href":"https:\/\/api.w.org\/{rel}","templated":true}]}}