{"id":7072,"date":"2024-01-18T14:00:19","date_gmt":"2024-01-18T12:00:19","guid":{"rendered":"https:\/\/kivenalla.fi\/?post_type=product&#038;p=7072"},"modified":"2024-12-14T09:05:37","modified_gmt":"2024-12-14T07:05:37","slug":"leatherman-signal-vihrea","status":"publish","type":"product","link":"https:\/\/kivenalla.fi\/en\/product\/leatherman-signal-vihrea\/","title":{"rendered":"Leatherman Signal (vihre\u00e4)"},"content":{"rendered":"<p>Leatherman Skeletool CX -malli sis\u00e4lt\u00e4\u00e4 tarpeelliset ty\u00f6kalut kompaktissa paketissa. Leatherman Skeletool suunniteltiin periaatteella: &#8221;Siin\u00e4 on oltava monipuolisesti ominaisuuksia, mutta kaikki pakattuna k\u00e4tev\u00e4\u00e4n kokoon.&#8221; Kun otat monitoimity\u00f6kalun k\u00e4teesi ja tutustut siihen, huomaat ett\u00e4 tavoitteessa on onnistuttu. T\u00e4m\u00e4 n\u00e4pp\u00e4r\u00e4n kokoinen monitoimity\u00f6kalu kulkee kevyesti mukana esimerkiksi luonnossa vaeltaessa. J\u00e4m\u00e4kk\u00e4\u00e4n ty\u00f6kaluun on pakattu kaikkein tarpellisimmat ja suosituimmat ty\u00f6kalut.&nbsp;<\/p>\n\n\n\n<p>Leatherman Signal monitoimity\u00f6kalu on suunniteltu erityisesti luonnossa liikkuville seikkailijoille. Ty\u00f6kalu sis\u00e4lt\u00e4\u00e4 Leatherman monitoimity\u00f6kalujen suosituimpien ominaisuuksien lis\u00e4ksi retkeilij\u00e4lle t\u00e4rkeit\u00e4 apuv\u00e4lineit\u00e4, kuten tuluspuikon, vasaran ja h\u00e4t\u00e4pillin.<\/p>\n\n\n\n<p>Signal on jokaisen er\u00e4ihmisen perusvaruste selviytymiseen hyviss\u00e4 ja joskun niin ankarissakin luonnonolosuhteissa.<br><\/p>\n\n\n\n<p><strong>Tekniset tiedot \/ ominaisuudet<\/strong><\/p>\n\n\n\n<ul class=\"wp-block-list\">\n<li>K\u00e4rkipihdit<\/li>\n\n\n\n<li>Sivuleikkurit<\/li>\n\n\n\n<li>Yhdistelm\u00e4veitsi<\/li>\n\n\n\n<li>Saha<\/li>\n\n\n\n<li>Tuluspuikko<\/li>\n\n\n\n<li>Timanttiteroitin<\/li>\n\n\n\n<li>Pilli<\/li>\n\n\n\n<li>Vasara<\/li>\n\n\n\n<li>Naskali<\/li>\n\n\n\n<li>Pullonavaaja<\/li>\n\n\n\n<li>T\u00f6lkinavaaja<\/li>\n\n\n\n<li>Karabiinihaka<\/li>\n\n\n\n<li>Kiinte\u00e4 adapteri<\/li>\n\n\n\n<li>1\/4&#8243; vaihtok\u00e4rkisovitin<\/li>\n\n\n\n<li>1\/4&#8243; lenkkiavain<\/li>\n\n\n\n<li>3\/16\u201d lenkkiavain<\/li>\n\n\n\n<li>Johdonkuorija<\/li>\n\n\n\n<li>Liitinpuristin<\/li>\n\n\n\n<li>Vy\u00f6klipsi<\/li>\n\n\n\n<li>Kahvalukko<\/li>\n\n\n\n<li>Nylon vy\u00f6kotelo<\/li>\n\n\n\n<li>Kaikki ter\u00e4t lukkiutuvat<\/li>\n<\/ul>\n\n\n\n<p>Pituus 11,43 cm<br>Paino 212,6 g<\/p>","protected":false},"excerpt":{"rendered":"<p>Leatherman Signal monitoimity\u00f6kalu on suunniteltu erityisesti luonnossa liikkuville seikkailijoille.<\/p>","protected":false},"featured_media":7076,"comment_status":"open","ping_status":"closed","template":"","meta":{"_kadence_starter_templates_imported_post":false,"_kad_post_transparent":"","_kad_post_title":"","_kad_post_layout":"","_kad_post_sidebar_id":"","_kad_post_content_style":"","_kad_post_vertical_padding":"","_kad_post_feature":"","_kad_post_feature_position":"","_kad_post_header":false,"_kad_post_footer":false,"_kad_post_classname":""},"product_brand":[],"product_cat":[1654,1662,1531],"product_tag":[416,1625,1152],"class_list":{"0":"post-7072","1":"product","2":"type-product","3":"status-publish","4":"has-post-thumbnail","6":"product_cat-ale20","7":"product_cat-joulu","8":"product_cat-leatherman","9":"product_tag-leatherman","10":"product_tag-leatherman-signal","11":"product_tag-monitoimityokalu","13":"first","14":"instock","15":"taxable","16":"shipping-taxable","17":"purchasable","18":"product-type-simple","19":"entry","20":"content-bg","21":"loop-entry"},"_links":{"self":[{"href":"https:\/\/kivenalla.fi\/en\/wp-json\/wp\/v2\/product\/7072","targetHints":{"allow":["GET"]}}],"collection":[{"href":"https:\/\/kivenalla.fi\/en\/wp-json\/wp\/v2\/product"}],"about":[{"href":"https:\/\/kivenalla.fi\/en\/wp-json\/wp\/v2\/types\/product"}],"replies":[{"embeddable":true,"href":"https:\/\/kivenalla.fi\/en\/wp-json\/wp\/v2\/comments?post=7072"}],"wp:featuredmedia":[{"embeddable":true,"href":"https:\/\/kivenalla.fi\/en\/wp-json\/wp\/v2\/media\/7076"}],"wp:attachment":[{"href":"https:\/\/kivenalla.fi\/en\/wp-json\/wp\/v2\/media?parent=7072"}],"wp:term":[{"taxonomy":"product_brand","embeddable":true,"href":"https:\/\/kivenalla.fi\/en\/wp-json\/wp\/v2\/product_brand?post=7072"},{"taxonomy":"product_cat","embeddable":true,"href":"https:\/\/kivenalla.fi\/en\/wp-json\/wp\/v2\/product_cat?post=7072"},{"taxonomy":"product_tag","embeddable":true,"href":"https:\/\/kivenalla.fi\/en\/wp-json\/wp\/v2\/product_tag?post=7072"}],"curies":[{"name":"wp","href":"https:\/\/api.w.org\/{rel}","templated":true}]}}