{"id":7077,"date":"2024-01-18T14:05:08","date_gmt":"2024-01-18T12:05:08","guid":{"rendered":"https:\/\/kivenalla.fi\/?post_type=product&#038;p=7077"},"modified":"2024-08-13T10:30:13","modified_gmt":"2024-08-13T07:30:13","slug":"leatherman-free-k4","status":"publish","type":"product","link":"https:\/\/kivenalla.fi\/en\/product\/leatherman-free-k4\/","title":{"rendered":"Leatherman Free K4"},"content":{"rendered":"<p>Free K4 taittoveitsess\u00e4 yhdistyy taittoveitsen n\u00e4pp\u00e4ryys sek\u00e4 monipuolisuus jonka tuovat mukanaa 9 erilaista, monitoimity\u00f6kaluista tuttua ty\u00f6kalua.&nbsp;Kaikki ty\u00f6kalut avautuvat ja sulkeutuvat magneettisesti, joten&nbsp;k\u00e4ytt\u00f6 on nopeaa ja vaivatonta kuten Leatherman Free -sarjan muissakin ty\u00f6kaluissa.&nbsp;Rakenne mahdollistaa k\u00e4ytt\u00e4misen yhdell\u00e4 k\u00e4dell\u00e4.<\/p>\n\n\n\n<p>Free K4 sis\u00e4lt\u00e4\u00e4 9 ty\u00f6kalua. V\u00e4ri tumma harmaa.&nbsp;<\/p>\n\n\n\n<p><strong>Ty\u00f6kalut:<\/strong><\/p>\n\n\n\n<ul class=\"wp-block-list\">\n<li>Veitsi<\/li>\n\n\n\n<li>Sakset<\/li>\n\n\n\n<li>Naskali<\/li>\n\n\n\n<li>Pullonavaaja<\/li>\n\n\n\n<li>Phillips screwdriver<\/li>\n\n\n\n<li>2 x Talttap\u00e4\u00e4meisseli<\/li>\n\n\n\n<li>Paketin avaaja<\/li>\n\n\n\n<li>Maalipurkin avaaja<\/li>\n\n\n\n<li>Lis\u00e4n\u00e4 my\u00f6s k\u00e4tev\u00e4 vy\u00f6klipsi&nbsp;<\/li>\n<\/ul>\n\n\n\n<p>Magneettinen rakenne, ruostumatonta ter\u00e4st\u00e4<br>Veitsen pituus: 8,4 cm<br>Pituus suljettuna: 11,5 cm<br>Paino: 156 g<\/p>","protected":false},"excerpt":{"rendered":"<p><span style=\", Helvetica, Arial, sans-serif;font-size: 14px\">Free K4 taittoveitsess\u00e4 yhdistyy taittoveitsen n\u00e4pp\u00e4ryys sek\u00e4 monipuolisuus jonka tuovat mukanaa 9 erilaista, monitoimity\u00f6kaluista tuttua ty\u00f6kalua.<\/span><\/p>","protected":false},"featured_media":7081,"comment_status":"open","ping_status":"closed","template":"","meta":{"_kadence_starter_templates_imported_post":false,"_kad_post_transparent":"","_kad_post_title":"","_kad_post_layout":"","_kad_post_sidebar_id":"","_kad_post_content_style":"","_kad_post_vertical_padding":"","_kad_post_feature":"","_kad_post_feature_position":"","_kad_post_header":false,"_kad_post_footer":false,"_kad_post_classname":""},"product_brand":[],"product_cat":[1531],"product_tag":[1621,416,1296,1624,1152,1623,1622],"class_list":{"0":"post-7077","1":"product","2":"type-product","3":"status-publish","4":"has-post-thumbnail","6":"product_cat-leatherman","7":"product_tag-k4","8":"product_tag-leatherman","9":"product_tag-leatherman-free","10":"product_tag-linkkuveitsi","11":"product_tag-monitoimityokalu","12":"product_tag-taittoveitsi","13":"product_tag-veitsi","15":"first","16":"onbackorder","17":"taxable","18":"shipping-taxable","19":"purchasable","20":"product-type-simple","21":"entry","22":"content-bg","23":"loop-entry"},"_links":{"self":[{"href":"https:\/\/kivenalla.fi\/en\/wp-json\/wp\/v2\/product\/7077","targetHints":{"allow":["GET"]}}],"collection":[{"href":"https:\/\/kivenalla.fi\/en\/wp-json\/wp\/v2\/product"}],"about":[{"href":"https:\/\/kivenalla.fi\/en\/wp-json\/wp\/v2\/types\/product"}],"replies":[{"embeddable":true,"href":"https:\/\/kivenalla.fi\/en\/wp-json\/wp\/v2\/comments?post=7077"}],"wp:featuredmedia":[{"embeddable":true,"href":"https:\/\/kivenalla.fi\/en\/wp-json\/wp\/v2\/media\/7081"}],"wp:attachment":[{"href":"https:\/\/kivenalla.fi\/en\/wp-json\/wp\/v2\/media?parent=7077"}],"wp:term":[{"taxonomy":"product_brand","embeddable":true,"href":"https:\/\/kivenalla.fi\/en\/wp-json\/wp\/v2\/product_brand?post=7077"},{"taxonomy":"product_cat","embeddable":true,"href":"https:\/\/kivenalla.fi\/en\/wp-json\/wp\/v2\/product_cat?post=7077"},{"taxonomy":"product_tag","embeddable":true,"href":"https:\/\/kivenalla.fi\/en\/wp-json\/wp\/v2\/product_tag?post=7077"}],"curies":[{"name":"wp","href":"https:\/\/api.w.org\/{rel}","templated":true}]}}