{"id":7082,"date":"2024-01-18T14:06:46","date_gmt":"2024-01-18T12:06:46","guid":{"rendered":"https:\/\/kivenalla.fi\/?post_type=product&#038;p=7082"},"modified":"2024-08-13T10:29:52","modified_gmt":"2024-08-13T07:29:52","slug":"leatherman-free-t4","status":"publish","type":"product","link":"https:\/\/kivenalla.fi\/en\/product\/leatherman-free-t4\/","title":{"rendered":"Leatherman Free T4"},"content":{"rendered":"<p>Leatherman Free T-sarjan n\u00e4pp\u00e4r\u00e4n kokoiset taskuty\u00f6kalut kulkevat mukana kaikkiin arjen haasteisiin. T-sarja on varustettu veitsell\u00e4 ja muutamilla tarpeellisimmilla ty\u00f6kaluilla, joilla selvi\u00e4t arjen askareistasi. Kaikki ty\u00f6kalut avautuvat ja sulkeutuvat magneettisesti, joten&nbsp;k\u00e4ytt\u00f6 on nopeaa ja vaivatonta kuten Leatherman Free P-sarjan monitoimity\u00f6kaluissakin. Rakenne mahdollistaa ty\u00f6kalun k\u00e4ytt\u00e4misen yhdell\u00e4 k\u00e4dell\u00e4.&nbsp;<\/p>\n\n\n\n<p>Free T4 sis\u00e4lt\u00e4\u00e4 12 eri ty\u00f6kalua.&nbsp;<\/p>\n\n\n\n<p><strong>Ty\u00f6kalut:<\/strong><\/p>\n\n\n\n<ul class=\"wp-block-list\">\n<li>Veitsi<\/li>\n\n\n\n<li>naskali<\/li>\n\n\n\n<li>pullonavaaja<\/li>\n\n\n\n<li>maalipurkin avaaja<\/li>\n\n\n\n<li>paketin avaaja&nbsp;<\/li>\n\n\n\n<li>puu- ja metalliviilat<\/li>\n\n\n\n<li>sakset<\/li>\n\n\n\n<li>pinsetit<\/li>\n\n\n\n<li>kolme erikokoista ruuvimeisseli\u00e4<\/li>\n\n\n\n<li>T4-mallissa on lis\u00e4n\u00e4 my\u00f6s k\u00e4tev\u00e4 vy\u00f6klipsi&nbsp;<\/li>\n<\/ul>\n\n\n\n<p>Magneettinen rakenne,&nbsp;ruostumatonta ter\u00e4st\u00e4<br>Veitsen pituus: 5,6 cm&nbsp;&nbsp;<br>Paino: 121,9 g&nbsp;<br>Pituus suljettuna: 9,3 cm&nbsp;<br>Pakkaus: Rasia&nbsp;<\/p>\n\n\n\n<figure class=\"wp-block-embed is-type-rich is-provider-upotuksen-k-sittelij wp-block-embed-upotuksen-k-sittelij wp-embed-aspect-16-9 wp-has-aspect-ratio\"><div class=\"wp-block-embed__wrapper\">\n<iframe loading=\"lazy\" title=\"Leatherman FREE T4 Product Overview\" width=\"720\" height=\"405\" src=\"https:\/\/www.youtube.com\/embed\/o-rcnYRdJWM?feature=oembed\" frameborder=\"0\" allow=\"accelerometer; autoplay; clipboard-write; encrypted-media; gyroscope; picture-in-picture; web-share\" allowfullscreen><\/iframe>\n<\/div><\/figure>","protected":false},"excerpt":{"rendered":"<p>Leatherman Free T-sarjan n\u00e4pp\u00e4r\u00e4n kokoiset taskuty\u00f6kalut kulkevat mukana kaikkiin arjen haasteisiin.<\/p>","protected":false},"featured_media":7087,"comment_status":"open","ping_status":"closed","template":"","meta":{"_kadence_starter_templates_imported_post":false,"_kad_post_transparent":"","_kad_post_title":"","_kad_post_layout":"","_kad_post_sidebar_id":"","_kad_post_content_style":"","_kad_post_vertical_padding":"","_kad_post_feature":"","_kad_post_feature_position":"","_kad_post_header":false,"_kad_post_footer":false,"_kad_post_classname":""},"product_brand":[],"product_cat":[1531],"product_tag":[416,1296,1152,1620],"class_list":{"0":"post-7082","1":"product","2":"type-product","3":"status-publish","4":"has-post-thumbnail","6":"product_cat-leatherman","7":"product_tag-leatherman","8":"product_tag-leatherman-free","9":"product_tag-monitoimityokalu","10":"product_tag-t4","12":"first","13":"onbackorder","14":"taxable","15":"shipping-taxable","16":"purchasable","17":"product-type-simple","18":"entry","19":"content-bg","20":"loop-entry"},"_links":{"self":[{"href":"https:\/\/kivenalla.fi\/en\/wp-json\/wp\/v2\/product\/7082","targetHints":{"allow":["GET"]}}],"collection":[{"href":"https:\/\/kivenalla.fi\/en\/wp-json\/wp\/v2\/product"}],"about":[{"href":"https:\/\/kivenalla.fi\/en\/wp-json\/wp\/v2\/types\/product"}],"replies":[{"embeddable":true,"href":"https:\/\/kivenalla.fi\/en\/wp-json\/wp\/v2\/comments?post=7082"}],"wp:featuredmedia":[{"embeddable":true,"href":"https:\/\/kivenalla.fi\/en\/wp-json\/wp\/v2\/media\/7087"}],"wp:attachment":[{"href":"https:\/\/kivenalla.fi\/en\/wp-json\/wp\/v2\/media?parent=7082"}],"wp:term":[{"taxonomy":"product_brand","embeddable":true,"href":"https:\/\/kivenalla.fi\/en\/wp-json\/wp\/v2\/product_brand?post=7082"},{"taxonomy":"product_cat","embeddable":true,"href":"https:\/\/kivenalla.fi\/en\/wp-json\/wp\/v2\/product_cat?post=7082"},{"taxonomy":"product_tag","embeddable":true,"href":"https:\/\/kivenalla.fi\/en\/wp-json\/wp\/v2\/product_tag?post=7082"}],"curies":[{"name":"wp","href":"https:\/\/api.w.org\/{rel}","templated":true}]}}