{"id":7090,"date":"2024-01-18T14:31:30","date_gmt":"2024-01-18T12:31:30","guid":{"rendered":"https:\/\/kivenalla.fi\/?post_type=product&#038;p=7090"},"modified":"2025-06-15T09:03:31","modified_gmt":"2025-06-15T06:03:31","slug":"nokta-simplex-lite","status":"publish","type":"product","link":"https:\/\/kivenalla.fi\/en\/product\/nokta-simplex-lite\/","title":{"rendered":"Nokta Simplex Lite"},"content":{"rendered":"<p>Tuotekuvaus<\/p>\n\n\n\n<p>Vuoden 2023 uutuusmalli Noktalta! Nokta Simplex Lite tarjoaa paranneltua estetiikkaa, kehittyneemp\u00e4\u00e4 teknist\u00e4 suorituskyky\u00e4 sek\u00e4 t\u00e4ytt\u00e4 vesitiiveytt\u00e4 5 metrin syvyyteen veden alle asti.<\/p>\n\n\n\n<p>Kevennetty muotoilu, paino vain 1,2 kg!<\/p>\n\n\n\n<p>Nelj\u00e4 etsint\u00e4ohjelmaa &#8211; Pelto, Puisto, Hiekkaranta ja Kaikki metallit. IP68 &#8211; t\u00e4ysin vesi- ja p\u00f6lyntiivis 5 metriin saakka veden alle.<\/p>\n\n\n\n<p>Helppok\u00e4ytt\u00f6inen k\u00e4ynnist\u00e4 ja k\u00e4yt\u00e4 -laite.<\/p>\n\n\n\n<p>Notch-erottelu. Target ID -erottelu (0-99).<\/p>\n\n\n\n<p>Taajuuden siirto ulkoisten s\u00e4hk\u00f6isten h\u00e4iri\u00f6l\u00e4hteiden vaimentamiseen.<\/p>\n\n\n\n<p>T\u00e4rin\u00e4 &#8211; laite ilmaisee t\u00e4rin\u00e4ll\u00e4, kun kohde on l\u00f6ytynyt.<\/p>\n\n\n\n<p>Taustavalaistu LCD-n\u00e4ytt\u00f6, n\u00e4pp\u00e4imist\u00f6n taustavalo, LED pime\u00e4k\u00e4ytt\u00f6\u00e4 varten.<\/p>\n\n\n\n<p>Kokoontaittuva varsi &#8211; kuljetusasennossa pituus 63 cm.<\/p>\n\n\n\n<p>Paino 1,2 kg.<\/p>\n\n\n\n<p>Sis\u00e4\u00e4nrakennettu Lipo-akku, joka ladataan USB-laturilla.<\/p>\n\n\n\n<p>P\u00e4ivitett\u00e4v\u00e4 ohjelma.<\/p>\n\n\n\n<p>Taajuus 15 kHz.<\/p>\n\n\n\n<p>SX24-kela (24cm x 15 cm) DD. Kelansuoja sis. toimitukseen.<\/p>\n\n\n\n<p>Takuu 3 vuotta.<\/p>","protected":false},"excerpt":{"rendered":"<p><span style=\"font-family: BodyText, Helvetica, Tahoma, sans-serif;font-size: 14px\">Vuoden 2023 uutuusmalli Noktalta!<\/span><\/p>","protected":false},"featured_media":7091,"comment_status":"open","ping_status":"closed","template":"","meta":{"_kadence_starter_templates_imported_post":false,"_kad_post_transparent":"","_kad_post_title":"","_kad_post_layout":"","_kad_post_sidebar_id":"","_kad_post_content_style":"","_kad_post_vertical_padding":"","_kad_post_feature":"","_kad_post_feature_position":"","_kad_post_header":false,"_kad_post_footer":false,"_kad_post_classname":""},"product_brand":[],"product_cat":[1596],"product_tag":[1014,85,165,1398],"class_list":{"0":"post-7090","1":"product","2":"type-product","3":"status-publish","4":"has-post-thumbnail","6":"product_cat-nokta","7":"product_tag-metallinetsin","8":"product_tag-metallinetsinta","9":"product_tag-metallinpaljastin","10":"product_tag-nokta","12":"first","13":"onbackorder","14":"taxable","15":"shipping-taxable","16":"purchasable","17":"product-type-simple","18":"entry","19":"content-bg","20":"loop-entry"},"_links":{"self":[{"href":"https:\/\/kivenalla.fi\/en\/wp-json\/wp\/v2\/product\/7090","targetHints":{"allow":["GET"]}}],"collection":[{"href":"https:\/\/kivenalla.fi\/en\/wp-json\/wp\/v2\/product"}],"about":[{"href":"https:\/\/kivenalla.fi\/en\/wp-json\/wp\/v2\/types\/product"}],"replies":[{"embeddable":true,"href":"https:\/\/kivenalla.fi\/en\/wp-json\/wp\/v2\/comments?post=7090"}],"wp:featuredmedia":[{"embeddable":true,"href":"https:\/\/kivenalla.fi\/en\/wp-json\/wp\/v2\/media\/7091"}],"wp:attachment":[{"href":"https:\/\/kivenalla.fi\/en\/wp-json\/wp\/v2\/media?parent=7090"}],"wp:term":[{"taxonomy":"product_brand","embeddable":true,"href":"https:\/\/kivenalla.fi\/en\/wp-json\/wp\/v2\/product_brand?post=7090"},{"taxonomy":"product_cat","embeddable":true,"href":"https:\/\/kivenalla.fi\/en\/wp-json\/wp\/v2\/product_cat?post=7090"},{"taxonomy":"product_tag","embeddable":true,"href":"https:\/\/kivenalla.fi\/en\/wp-json\/wp\/v2\/product_tag?post=7090"}],"curies":[{"name":"wp","href":"https:\/\/api.w.org\/{rel}","templated":true}]}}