{"id":7098,"date":"2024-01-18T15:01:56","date_gmt":"2024-01-18T13:01:56","guid":{"rendered":"https:\/\/kivenalla.fi\/?post_type=product&#038;p=7098"},"modified":"2025-06-15T09:03:13","modified_gmt":"2025-06-15T06:03:13","slug":"nokta-makro-the-legend-pro-pack","status":"publish","type":"product","link":"https:\/\/kivenalla.fi\/en\/product\/nokta-makro-the-legend-pro-pack\/","title":{"rendered":"Nokta Makro The Legend Pro Pack"},"content":{"rendered":"<p><strong>Tuotekuvaus<\/strong><\/p>\n\n\n\n<p>**UUSI LEGEND NG-DESIGN, KEVYEMPI KYYN\u00c4RTUKI, HIILIKUITU-ALAVARSI!**<\/p>\n\n\n\n<p>Nokta Makro The Legend Pro Pack on vaativalle aarteenetsij\u00e4lle suunniteltu ja kehitetty uusi, kahdella DD-kelalla ja kelansuojalla varustettu, t\u00e4ysin vesitiivis SMF-monitaajuusmetallinpaljastin. SMF = Simultaneous Multi-Frequency, yht\u00e4aikainen monitaajuus. Valittavana 2 kpl moni- ja 5 kpl yksitt\u00e4isi\u00e4 taajuuksia (4\/10\/15\/20\/40 kHz).<\/p>\n\n\n\n<p>Uusi toiminto &#8211; FERROCHECK &#8211; kaiva v\u00e4hemm\u00e4n roskametalleja!<\/p>\n\n\n\n<p>4 hakuohjelmaa: puisto, pelto, hiekkaranta, kultakentt\u00e4.<\/p>\n\n\n\n<p>Sis\u00e4\u00e4nrakennettu kello ja k\u00e4ytt\u00f6ajan laskenta.<\/p>\n\n\n\n<p>Bluetooth aptX -matalan \u00e4\u00e4niviiveen langattomat kuulokkeet.<\/p>\n\n\n\n<p>IP68 &#8211; vesitiivis 5 metriin.<\/p>\n\n\n\n<p>Sis\u00e4\u00e4nmenev\u00e4 varsi, kuljetusasennossa 63 cm pitk\u00e4 (vedenalaisk\u00e4ytt\u00f6, kuljetus)<\/p>\n\n\n\n<p>Hiilikuitunen varsi.<\/p>\n\n\n\n<p>Pro Pack-paketin sis\u00e4lt\u00f6:<\/p>\n\n\n\n<ul class=\"wp-block-list\">\n<li>Vesitiivis DD-kela sek\u00e4 kelansuoja (28cm LG28)<\/li>\n\n\n\n<li>Vesitiivis DD-kela sek\u00e4 kelansuoja (15cm LG15)<\/li>\n\n\n\n<li>Vesitiivis lis\u00e4akku + laturi<\/li>\n\n\n\n<li>Langattomat Bluetooth-kuulokkeet<\/li>\n\n\n\n<li>USB-latauskaapeli<\/li>\n\n\n\n<li>Legend-lippalakki<\/li>\n<\/ul>\n\n\n\n<p>Lis\u00e4varusteena saatavana 35 x 31.5 cm (13,5&#8243; x 12,5&#8243;) LG35 -lis\u00e4kela.<\/p>\n\n\n\n<p>Takuu 3 vuotta.<\/p>","protected":false},"excerpt":{"rendered":"<p>The Legend &#8211; Nokta Makron vuoden 2021 uutusmalli, SMF-metallipaljastin.<\/p>","protected":false},"featured_media":7102,"comment_status":"open","ping_status":"closed","template":"","meta":{"_kadence_starter_templates_imported_post":false,"_kad_post_transparent":"","_kad_post_title":"","_kad_post_layout":"","_kad_post_sidebar_id":"","_kad_post_content_style":"","_kad_post_vertical_padding":"","_kad_post_feature":"","_kad_post_feature_position":"","_kad_post_header":false,"_kad_post_footer":false,"_kad_post_classname":""},"product_brand":[],"product_cat":[1596],"product_tag":[1014,85,165,1398],"class_list":{"0":"post-7098","1":"product","2":"type-product","3":"status-publish","4":"has-post-thumbnail","6":"product_cat-nokta","7":"product_tag-metallinetsin","8":"product_tag-metallinetsinta","9":"product_tag-metallinpaljastin","10":"product_tag-nokta","12":"first","13":"onbackorder","14":"downloadable","15":"taxable","16":"shipping-taxable","17":"purchasable","18":"product-type-simple","19":"entry","20":"content-bg","21":"loop-entry"},"_links":{"self":[{"href":"https:\/\/kivenalla.fi\/en\/wp-json\/wp\/v2\/product\/7098","targetHints":{"allow":["GET"]}}],"collection":[{"href":"https:\/\/kivenalla.fi\/en\/wp-json\/wp\/v2\/product"}],"about":[{"href":"https:\/\/kivenalla.fi\/en\/wp-json\/wp\/v2\/types\/product"}],"replies":[{"embeddable":true,"href":"https:\/\/kivenalla.fi\/en\/wp-json\/wp\/v2\/comments?post=7098"}],"wp:featuredmedia":[{"embeddable":true,"href":"https:\/\/kivenalla.fi\/en\/wp-json\/wp\/v2\/media\/7102"}],"wp:attachment":[{"href":"https:\/\/kivenalla.fi\/en\/wp-json\/wp\/v2\/media?parent=7098"}],"wp:term":[{"taxonomy":"product_brand","embeddable":true,"href":"https:\/\/kivenalla.fi\/en\/wp-json\/wp\/v2\/product_brand?post=7098"},{"taxonomy":"product_cat","embeddable":true,"href":"https:\/\/kivenalla.fi\/en\/wp-json\/wp\/v2\/product_cat?post=7098"},{"taxonomy":"product_tag","embeddable":true,"href":"https:\/\/kivenalla.fi\/en\/wp-json\/wp\/v2\/product_tag?post=7098"}],"curies":[{"name":"wp","href":"https:\/\/api.w.org\/{rel}","templated":true}]}}