{"id":7104,"date":"2024-01-18T15:07:00","date_gmt":"2024-01-18T13:07:00","guid":{"rendered":"https:\/\/kivenalla.fi\/?post_type=product&#038;p=7104"},"modified":"2025-06-15T09:03:08","modified_gmt":"2025-06-15T06:03:08","slug":"nokta-pointer","status":"publish","type":"product","link":"https:\/\/kivenalla.fi\/en\/product\/nokta-pointer\/","title":{"rendered":"Nokta Pointer"},"content":{"rendered":"<p><strong>Tuotekuvaus<\/strong><\/p>\n\n\n\n<p>Makro Pointer -pinpointteri on vesitiivis (IP67 luokitus), helppok\u00e4ytt\u00f6inen pinpointteri kaikkeen olosuhteeseen! 360 asteen havaintos\u00e4de, herkkyyden s\u00e4\u00e4t\u00f6, led-valo, \u00e4\u00e4ni\/vibra -h\u00e4lytys. Vaihdettava k\u00e4rki. Paketissa mukana ao. tarvikkeet, eli suojalaukku, vaihtok\u00e4rjet, 9V paristo sek\u00e4 pointteri.<\/p>","protected":false},"excerpt":{"rendered":"<p><span style=\"font-family: BodyText, Helvetica, Tahoma, sans-serif;font-size: 14px\">Makro Pointer -pinpointteri on vesitiivis (IP67 luokitus).<\/span><\/p>","protected":false},"featured_media":7106,"comment_status":"open","ping_status":"closed","template":"","meta":{"_kadence_starter_templates_imported_post":false,"_kad_post_transparent":"","_kad_post_title":"","_kad_post_layout":"","_kad_post_sidebar_id":"","_kad_post_content_style":"","_kad_post_vertical_padding":"","_kad_post_feature":"","_kad_post_feature_position":"","_kad_post_header":false,"_kad_post_footer":false,"_kad_post_classname":""},"product_brand":[],"product_cat":[1596],"product_tag":[1014,85,165,1398],"class_list":{"0":"post-7104","1":"product","2":"type-product","3":"status-publish","4":"has-post-thumbnail","6":"product_cat-nokta","7":"product_tag-metallinetsin","8":"product_tag-metallinetsinta","9":"product_tag-metallinpaljastin","10":"product_tag-nokta","12":"first","13":"onbackorder","14":"taxable","15":"shipping-taxable","16":"purchasable","17":"product-type-simple","18":"entry","19":"content-bg","20":"loop-entry"},"_links":{"self":[{"href":"https:\/\/kivenalla.fi\/en\/wp-json\/wp\/v2\/product\/7104","targetHints":{"allow":["GET"]}}],"collection":[{"href":"https:\/\/kivenalla.fi\/en\/wp-json\/wp\/v2\/product"}],"about":[{"href":"https:\/\/kivenalla.fi\/en\/wp-json\/wp\/v2\/types\/product"}],"replies":[{"embeddable":true,"href":"https:\/\/kivenalla.fi\/en\/wp-json\/wp\/v2\/comments?post=7104"}],"wp:featuredmedia":[{"embeddable":true,"href":"https:\/\/kivenalla.fi\/en\/wp-json\/wp\/v2\/media\/7106"}],"wp:attachment":[{"href":"https:\/\/kivenalla.fi\/en\/wp-json\/wp\/v2\/media?parent=7104"}],"wp:term":[{"taxonomy":"product_brand","embeddable":true,"href":"https:\/\/kivenalla.fi\/en\/wp-json\/wp\/v2\/product_brand?post=7104"},{"taxonomy":"product_cat","embeddable":true,"href":"https:\/\/kivenalla.fi\/en\/wp-json\/wp\/v2\/product_cat?post=7104"},{"taxonomy":"product_tag","embeddable":true,"href":"https:\/\/kivenalla.fi\/en\/wp-json\/wp\/v2\/product_tag?post=7104"}],"curies":[{"name":"wp","href":"https:\/\/api.w.org\/{rel}","templated":true}]}}