{"id":7107,"date":"2024-01-19T09:15:34","date_gmt":"2024-01-19T07:15:34","guid":{"rendered":"https:\/\/kivenalla.fi\/?post_type=product&#038;p=7107"},"modified":"2025-06-15T09:03:03","modified_gmt":"2025-06-15T06:03:03","slug":"nokta-makro-mini-hoard","status":"publish","type":"product","link":"https:\/\/kivenalla.fi\/en\/product\/nokta-makro-mini-hoard\/","title":{"rendered":"Nokta Makro Mini Hoard"},"content":{"rendered":"<p><strong>Tuotekuvaus<\/strong><\/p>\n\n\n\n<p>MAAILMAN ENSIMM\u00c4INEN VESITIIVIS LASTEN METALLINPALJASTIN!<\/p>\n\n\n\n<p>Nokta Makron vuoden 2020 uutuusmalli!<\/p>\n\n\n\n<p>Mini Hoard on helppok\u00e4ytt\u00f6inen yleismetallinpaljastin, joka on suunniteltu erityisesti lapsille. Laitteen avulla l\u00f6yd\u00e4t n\u00e4pp\u00e4r\u00e4sti korut, kolikot sek\u00e4 muut metallit.<\/p>\n\n\n\n<p>Laitteessa on 2-\u00e4\u00e4ninen erottelu, pinpoint-toiminto sek\u00e4 syvyysmittaus kohteille.<\/p>\n\n\n\n<p>Laitteessa on h\u00e4lytin ja automaattinen sammutus, mik\u00e4li laite unohtuu p\u00e4\u00e4lle.<\/p>\n\n\n\n<p>6&#8243; kela, kelansuoja sis\u00e4ltyy toimitukseen.<\/p>\n\n\n\n<p>Suositeltu k\u00e4ytt\u00e4j\u00e4n ik\u00e4 : 4-8 vuotta.<br>K\u00e4ytt\u00f6tyyppi : VLF<br>K\u00e4ytt\u00f6taajuus : 15 kHz<br>\u00c4\u00e4nen tasoja : 2<br>Pinpointtaus : Kyll\u00e4<br>Raudan erottelu : Kyll\u00e4<br>LED-indikaattori : Pinpointtaus &amp; Erottelu (Punainen &amp; Vihre\u00e4)<br>Syvyysmittari : 3 tasoa<br>Paristoindikaattori : Kyll\u00e4<br>Automaattinen sammutus ja h\u00e4lytys : Kyll\u00e4<br>Kela : 15 cm. (6&#8243;)<br>N\u00e4ytt\u00f6 : LCD<br>Paino : 780gr. (1.7 lbs.)<br>Pituus : 63-90cm. (25&#8243;-35&#8243;)<br>Paristot : 2 x AA (ei sis\u00e4lly toimitukseen)<br>Takuu : 2 vuotta<br>K\u00e4ytt\u00f6ohjekirja : Suomi, englanti<\/p>","protected":false},"excerpt":{"rendered":"<p>Vesitiivis lasten metallinpaljastin!<\/p>","protected":false},"featured_media":7109,"comment_status":"open","ping_status":"closed","template":"","meta":{"_kadence_starter_templates_imported_post":false,"_kad_post_transparent":"","_kad_post_title":"","_kad_post_layout":"","_kad_post_sidebar_id":"","_kad_post_content_style":"","_kad_post_vertical_padding":"","_kad_post_feature":"","_kad_post_feature_position":"","_kad_post_header":false,"_kad_post_footer":false,"_kad_post_classname":""},"product_brand":[],"product_cat":[1596],"product_tag":[1014,85,165,1398],"class_list":{"0":"post-7107","1":"product","2":"type-product","3":"status-publish","4":"has-post-thumbnail","6":"product_cat-nokta","7":"product_tag-metallinetsin","8":"product_tag-metallinetsinta","9":"product_tag-metallinpaljastin","10":"product_tag-nokta","12":"first","13":"onbackorder","14":"downloadable","15":"taxable","16":"shipping-taxable","17":"purchasable","18":"product-type-simple","19":"entry","20":"content-bg","21":"loop-entry"},"_links":{"self":[{"href":"https:\/\/kivenalla.fi\/en\/wp-json\/wp\/v2\/product\/7107","targetHints":{"allow":["GET"]}}],"collection":[{"href":"https:\/\/kivenalla.fi\/en\/wp-json\/wp\/v2\/product"}],"about":[{"href":"https:\/\/kivenalla.fi\/en\/wp-json\/wp\/v2\/types\/product"}],"replies":[{"embeddable":true,"href":"https:\/\/kivenalla.fi\/en\/wp-json\/wp\/v2\/comments?post=7107"}],"wp:featuredmedia":[{"embeddable":true,"href":"https:\/\/kivenalla.fi\/en\/wp-json\/wp\/v2\/media\/7109"}],"wp:attachment":[{"href":"https:\/\/kivenalla.fi\/en\/wp-json\/wp\/v2\/media?parent=7107"}],"wp:term":[{"taxonomy":"product_brand","embeddable":true,"href":"https:\/\/kivenalla.fi\/en\/wp-json\/wp\/v2\/product_brand?post=7107"},{"taxonomy":"product_cat","embeddable":true,"href":"https:\/\/kivenalla.fi\/en\/wp-json\/wp\/v2\/product_cat?post=7107"},{"taxonomy":"product_tag","embeddable":true,"href":"https:\/\/kivenalla.fi\/en\/wp-json\/wp\/v2\/product_tag?post=7107"}],"curies":[{"name":"wp","href":"https:\/\/api.w.org\/{rel}","templated":true}]}}