{"id":7111,"date":"2024-01-19T09:18:17","date_gmt":"2024-01-19T07:18:17","guid":{"rendered":"https:\/\/kivenalla.fi\/?post_type=product&#038;p=7111"},"modified":"2025-06-15T09:02:57","modified_gmt":"2025-06-15T06:02:57","slug":"nokta-makro-midi-hoard","status":"publish","type":"product","link":"https:\/\/kivenalla.fi\/en\/product\/nokta-makro-midi-hoard\/","title":{"rendered":"Nokta Makro Midi Hoard"},"content":{"rendered":"<p><strong>Tuotekuvaus<\/strong><\/p>\n\n\n\n<p>MAAILMAN ENSIMM\u00c4INEN VESITIIVIS LASTEN METALLINPALJASTIN!<\/p>\n\n\n\n<p>Nokta Makron vuoden 2020 uutuusmalli!<\/p>\n\n\n\n<p>Midi Hoard on helppok\u00e4ytt\u00f6inen yleismetallinpaljastin, joka on suunniteltu erityisesti lapsille. Laitteen avulla l\u00f6yd\u00e4t n\u00e4pp\u00e4r\u00e4sti korut, kolikot sek\u00e4 muut metallit.<\/p>\n\n\n\n<p>Laitteessa on 3-\u00e4\u00e4ninen erottelu, herkkyydens\u00e4\u00e4t\u00f6, paristojen latauksen indikaattori, \u00e4\u00e4nenvoimakkuuden s\u00e4\u00e4din, syvyysmittari, pinpoint-toiminto.<\/p>\n\n\n\n<p>Laite toimitetaan 7&#8243; kelalla, kelansuoja sis\u00e4ltyy toimitukseen.<\/p>\n\n\n\n<p>Suositeltu k\u00e4ytt\u00e4j\u00e4n ik\u00e4 : 8-12 vuotta.<br>K\u00e4ytt\u00f6tyyppi : VLF<br>K\u00e4ytt\u00f6taajuus : 15 kHz<br>\u00c4\u00e4nen tasoja : 3<br>Pinpointtaus : Kyll\u00e4<br>Herkkyysasetus : 3 tasoa<br>Erottelu : 2 tasoa<br>LED-indikaattori : Pinpointtaus &amp; Erottelu (Punainen, Keltainen, Vihre\u00e4)<br>Syvyysmittari : 3 tasoa<br>Paristoindikaattori : Kyll\u00e4<br>Automaattinen sammutus ja h\u00e4lytys : Kyll\u00e4<br>\u00c4\u00e4nenvoimakkuuden s\u00e4\u00e4t\u00f6 : 2 tasoa<br>Kela : 18 cm. (7&#8243;)<br>N\u00e4ytt\u00f6 : LCD<br>Paino : 880gr. (1.9 lbs)<br>Pituus : 82-109cm. (32,5&#8243; &#8211; 43&#8243;)<br>Paristot : 2 x AA (ei sis\u00e4lly toimitukseen)<br>Takuu : 2 vuotta<br>K\u00e4ytt\u00f6ohjekirja: Suomi, Englanti<\/p>","protected":false},"excerpt":{"rendered":"<p>Vesitiivis lasten metallinpaljastin!<\/p>","protected":false},"featured_media":7113,"comment_status":"open","ping_status":"closed","template":"","meta":{"_kadence_starter_templates_imported_post":false,"_kad_post_transparent":"","_kad_post_title":"","_kad_post_layout":"","_kad_post_sidebar_id":"","_kad_post_content_style":"","_kad_post_vertical_padding":"","_kad_post_feature":"","_kad_post_feature_position":"","_kad_post_header":false,"_kad_post_footer":false,"_kad_post_classname":""},"product_brand":[],"product_cat":[1596],"product_tag":[1014,85,165,1398],"class_list":{"0":"post-7111","1":"product","2":"type-product","3":"status-publish","4":"has-post-thumbnail","6":"product_cat-nokta","7":"product_tag-metallinetsin","8":"product_tag-metallinetsinta","9":"product_tag-metallinpaljastin","10":"product_tag-nokta","12":"first","13":"onbackorder","14":"taxable","15":"shipping-taxable","16":"purchasable","17":"product-type-simple","18":"entry","19":"content-bg","20":"loop-entry"},"_links":{"self":[{"href":"https:\/\/kivenalla.fi\/en\/wp-json\/wp\/v2\/product\/7111","targetHints":{"allow":["GET"]}}],"collection":[{"href":"https:\/\/kivenalla.fi\/en\/wp-json\/wp\/v2\/product"}],"about":[{"href":"https:\/\/kivenalla.fi\/en\/wp-json\/wp\/v2\/types\/product"}],"replies":[{"embeddable":true,"href":"https:\/\/kivenalla.fi\/en\/wp-json\/wp\/v2\/comments?post=7111"}],"wp:featuredmedia":[{"embeddable":true,"href":"https:\/\/kivenalla.fi\/en\/wp-json\/wp\/v2\/media\/7113"}],"wp:attachment":[{"href":"https:\/\/kivenalla.fi\/en\/wp-json\/wp\/v2\/media?parent=7111"}],"wp:term":[{"taxonomy":"product_brand","embeddable":true,"href":"https:\/\/kivenalla.fi\/en\/wp-json\/wp\/v2\/product_brand?post=7111"},{"taxonomy":"product_cat","embeddable":true,"href":"https:\/\/kivenalla.fi\/en\/wp-json\/wp\/v2\/product_cat?post=7111"},{"taxonomy":"product_tag","embeddable":true,"href":"https:\/\/kivenalla.fi\/en\/wp-json\/wp\/v2\/product_tag?post=7111"}],"curies":[{"name":"wp","href":"https:\/\/api.w.org\/{rel}","templated":true}]}}