{"id":7123,"date":"2024-01-22T12:44:25","date_gmt":"2024-01-22T10:44:25","guid":{"rendered":"https:\/\/kivenalla.fi\/?post_type=product&#038;p=7123"},"modified":"2025-10-10T11:15:50","modified_gmt":"2025-10-10T08:15:50","slug":"akkuparisto-nl1835lthp-3500-mah-kylmankestava","status":"publish","type":"product","link":"https:\/\/kivenalla.fi\/en\/product\/akkuparisto-nl1835lthp-3500-mah-kylmankestava\/","title":{"rendered":"NL1835LTHP 3500 mAh Rechargeable Battery \u2013 Cold-Resistant"},"content":{"rendered":"<h3 class=\"wp-block-heading\">Kylm\u00e4kest\u00e4v\u00e4 18650 Li-ion -akku<\/h3>\n\n\n\n<p>T\u00e4m\u00e4 18650 Li-ion -akku on suunniteltu erityisesti \u00e4\u00e4rimm\u00e4isen kylmiin olosuhteisiin, kest\u00e4en jopa -40 celsiusastetta. Sen erikoisominaisuudet korostuvat kylm\u00e4ss\u00e4, mutta luonnollisesti akku toimii moitteettomasti my\u00f6s kaikissa muissa l\u00e4mp\u00f6tiloissa, my\u00f6s kes\u00e4ll\u00e4. Akussa on kolminkertainen suojaus ylilatausta, alilatausta ja oikosulkua vastaan. Laadukas suojapiiri ja kaksi tehokasta MOS FET -komponenttia virran s\u00e4\u00e4t\u00f6moduulissa varmistavat paremman tehokkuuden.<\/p>\n\n\n\n<h3 class=\"wp-block-heading\">Product Information<\/h3>\n\n\n\n<ul class=\"wp-block-list\">\n<li>Kylmyydenkesto &#8211; 40 \u00b0C asti<\/li>\n\n\n\n<li>Kapasiteetti: 3500 mAh<\/li>\n\n\n\n<li>J\u00e4nnite: 3,6 V<\/li>\n\n\n\n<li>Jatkuva purkuvirta: 8A MAX<\/li>\n\n\n\n<li>Pituus: 69,3 \u00b1 0,3 mm<\/li>\n\n\n\n<li>Halkaisija: \u226418,7 mm<\/li>\n<\/ul>\n\n\n\n<h3 class=\"wp-block-heading\">Technical details<\/h3>\n\n\n\n<figure class=\"wp-block-table\"><table><tbody><tr><td>Tyyppi<\/td><td>Li-ion<\/td><\/tr><tr><td>Size<\/td><td>18650<\/td><\/tr><tr><td>Nimellisj\u00e4nnite<\/td><td>3,6 V<\/td><\/tr><tr><td>Kapasiteetti<\/td><td>3500 mAh<\/td><\/tr><tr><td>Latausvirta<\/td><td>1A (suositus), 2,9A max<\/td><\/tr><tr><td>Purkuvirta<\/td><td>8A MAKS<\/td><\/tr><tr><td>K\u00e4ytt\u00f6l\u00e4mp\u00f6tila<\/td><td>-40 \u00b0C ~ +50 \u00b0C (k\u00e4ytt\u00f6)<br>10 \u00b0C ~ +45 \u00b0C (lataus)<\/td><\/tr><tr><td>Size<\/td><td>69,3 \u00b1 0,3 mm x \u226418,7 mm<\/td><\/tr><tr><td>Warranty<\/td><td>12 kk<\/td><\/tr><tr><td>Package contents<\/td><td>1 kpl<\/td><\/tr><\/tbody><\/table><\/figure>\n\n\n\n<p>* The runtime of the Turbo mode is the continuous operating time at brightness levels from 100% down to 10%. Performance values are according to the ANSI\/PLATO FL1 handheld flashlight standard.<\/p>","protected":false},"excerpt":{"rendered":"<p>Kylm\u00e4kest\u00e4v\u00e4 18650 Li-ion -akku<\/p>","protected":false},"featured_media":7124,"comment_status":"open","ping_status":"closed","template":"","meta":{"_kadence_starter_templates_imported_post":false,"_kad_post_transparent":"","_kad_post_title":"","_kad_post_layout":"","_kad_post_sidebar_id":"","_kad_post_content_style":"","_kad_post_vertical_padding":"","_kad_post_feature":"","_kad_post_feature_position":"","_kad_post_header":false,"_kad_post_footer":false,"_kad_post_classname":""},"product_brand":[],"product_cat":[1653,1568,1585],"product_tag":[],"class_list":{"0":"post-7123","1":"product","2":"type-product","3":"status-publish","4":"has-post-thumbnail","6":"product_cat-ale10","7":"product_cat-akut-ja-paristot","8":"product_cat-uudet-tuotteet","10":"first","11":"outofstock","12":"taxable","13":"shipping-taxable","14":"purchasable","15":"product-type-simple","16":"entry","17":"content-bg","18":"loop-entry"},"_links":{"self":[{"href":"https:\/\/kivenalla.fi\/en\/wp-json\/wp\/v2\/product\/7123","targetHints":{"allow":["GET"]}}],"collection":[{"href":"https:\/\/kivenalla.fi\/en\/wp-json\/wp\/v2\/product"}],"about":[{"href":"https:\/\/kivenalla.fi\/en\/wp-json\/wp\/v2\/types\/product"}],"replies":[{"embeddable":true,"href":"https:\/\/kivenalla.fi\/en\/wp-json\/wp\/v2\/comments?post=7123"}],"wp:featuredmedia":[{"embeddable":true,"href":"https:\/\/kivenalla.fi\/en\/wp-json\/wp\/v2\/media\/7124"}],"wp:attachment":[{"href":"https:\/\/kivenalla.fi\/en\/wp-json\/wp\/v2\/media?parent=7123"}],"wp:term":[{"taxonomy":"product_brand","embeddable":true,"href":"https:\/\/kivenalla.fi\/en\/wp-json\/wp\/v2\/product_brand?post=7123"},{"taxonomy":"product_cat","embeddable":true,"href":"https:\/\/kivenalla.fi\/en\/wp-json\/wp\/v2\/product_cat?post=7123"},{"taxonomy":"product_tag","embeddable":true,"href":"https:\/\/kivenalla.fi\/en\/wp-json\/wp\/v2\/product_tag?post=7123"}],"curies":[{"name":"wp","href":"https:\/\/api.w.org\/{rel}","templated":true}]}}