{"id":7125,"date":"2024-01-22T12:51:55","date_gmt":"2024-01-22T10:51:55","guid":{"rendered":"https:\/\/kivenalla.fi\/?post_type=product&#038;p=7125"},"modified":"2025-11-25T09:42:24","modified_gmt":"2025-11-25T07:42:24","slug":"fenix-e28r-v2-0-1700-lm","status":"publish","type":"product","link":"https:\/\/kivenalla.fi\/en\/product\/fenix-e28r-v2-0-1700-lm\/","title":{"rendered":"Fenix E28R V2.0, 1700 lm"},"content":{"rendered":"<h3 class=\"wp-block-heading\">E28R V2.0: tehokkuutta, monipuolisuutta ja luotettavuutta<\/h3>\n\n\n\n<p>Fenix E28R V2.0 on erinomainen jokap\u00e4iv\u00e4iseen k\u00e4ytt\u00f6\u00f6n tarkoitettu taskulamppu, joka on t\u00e4ynn\u00e4 ominaisuuksia.&nbsp; E28R V2.0 tarjoaa maksimissaan 1700 lumenin valotehon ja valaisee jopa 273 metrin et\u00e4isyydelle. Mukana toimitettava 18650 (3400mAh) Li-ion -akku latautuu nopeasti USB Type-C -portin kautta. K\u00e4tev\u00e4 sivukytkin mahdollistaa kaikkien lampun toimintojen helpon k\u00e4yt\u00f6n ja n\u00e4ytt\u00e4\u00e4 akun varauksen tason. Tarvittaessa voit hy\u00f6dynt\u00e4\u00e4 merkkivaloa ja pulssivalotoimintoa, jotka auttavat esimerkiksi lampun paikantamisessa yms. Kaksisuuntainen taskuklipsi ja magneettipohja tarjoavat monipuolisia &#8221;k\u00e4det vapaana&#8221; -kiinnitysvaihtoehtoja. Vesi- ja p\u00f6lytiivis Fenix E28R V2.0 ladattava taskulamppu on ihanteellinen valinta p\u00e4ivitt\u00e4iseen k\u00e4ytt\u00f6\u00f6n.<\/p>\n\n\n\n<h3 class=\"wp-block-heading\">Monipuoliset k\u00e4ytt\u00f6tilat<\/h3>\n\n\n\n<p>E28R V2.0 tarjoaa laajan valikoiman valotiloja erilaisten valaistustarpeiden t\u00e4ytt\u00e4miseksi. Alhainen valoteho tuottaa pehme\u00e4n ja tasapainoisen valokeilan, joka sopii erinomaisesti l\u00e4hivalaistukseen. Korkea valoteho tarjoaa voimakkaan 1700 lumenin valon, joka soveltuu erinomaisesti ulkok\u00e4ytt\u00f6\u00f6n. Tarvittaessa lamppu tarjoaa my\u00f6s tehokkaan vaihtuvataajuuksisen Strobo-vilkkutoiminnon sek\u00e4 punaisen ja vihre\u00e4n merkkivalon, jotka ovat hy\u00f6dyllisi\u00e4 esimerkiksi huomiovalona, varoitusvalona jne.<\/p>\n\n\n\n<h3 class=\"wp-block-heading\">K\u00e4tev\u00e4 &#8217;K\u00e4det vapaana&#8217; kiinnitysvaihtoehto<\/h3>\n\n\n\n<p>E28R V2.0 on kompakti ja helppo kuljettaa mukana. Lis\u00e4ksi sen k\u00e4tev\u00e4 kaksisuuntainen taskuklipsi ja magneettinen pohja tarjoavat erilaisia &#8221;k\u00e4det vapaana&#8221; kiinnitysvaihtoehtoja.<\/p>\n\n\n\n<h3 class=\"wp-block-heading\">Product Information<\/h3>\n\n\n\n<ul class=\"wp-block-list\">\n<li>Viisi kirkkaustilaa.<\/li>\n\n\n\n<li>EU-latausstandardin mukainen USB Type-C -latausportti.<\/li>\n\n\n\n<li>V\u00e4lit\u00f6n strobo-tila.<\/li>\n\n\n\n<li>Yksinkertainen valotehon valinta sivukytkimell\u00e4.<\/li>\n\n\n\n<li>K\u00e4ytt\u00f6kytkimen lukitusominaisuus est\u00e4m\u00e4\u00e4n vahingossa tapahtuvan aktivoinnin.<\/li>\n\n\n\n<li>Magneettinen pohja mahdollistaa k\u00e4det vapaana -k\u00e4ytt\u00f6\u00f6n.<\/li>\n\n\n\n<li>Kaksisuuntainen taskuklipsi monipuoliseen kiinnitykseen.<\/li>\n\n\n\n<li>Kytkimen ymp\u00e4rill\u00e4 olevaa pulssivaloa voidaan k\u00e4ytt\u00e4\u00e4 ainutlaatuisena tunnistusvalona.<\/li>\n\n\n\n<li>Kokometallinen CNC-koneistettu valaisimen runko.<\/li>\n\n\n\n<li>Laadukas tyyppi HAIII kovakromattu naarmuuntumista est\u00e4v\u00e4 pinta.<\/li>\n\n\n\n<li>Pakkaus sis\u00e4lt\u00e4\u00e4: Fenix E28R V2.0 taskulamppu, Fenix ARB-L18-3400 Li-ion 3400 mAh ladattava-akku, USB tyypin C -latauskaapeli, rannehihna, vaihdettava O-rengastiiviste, k\u00e4ytt\u00f6ohje.<\/li>\n<\/ul>\n\n\n\n<p>Fenix-tuotemerkki takaa aina huippulaadun. Fenix E28R V2.0 taskulamppu on t\u00e4ysin IP68 p\u00f6ly- ja vesitiivis. Kaikki Fenix valaisimet on testattu omassa laboratoriossa amerikkalaisen ANSI\/FL1 standardin mukaisesti. E28R V2.0 taskulampulla on viiden (5) vuoden (paristo 1 vuosi) Fenix laatutakuu.<\/p>\n\n\n\n<h3 class=\"wp-block-heading\">Usein kysytyt kysymykset<\/h3>\n\n\n\n<h4 class=\"wp-block-heading\">Mitk\u00e4 ovat E28R V2.0:n t\u00e4rkeimm\u00e4t ominaisuudet?<\/h4>\n\n\n\n<p>V: Fenix E28R V2.0 on ladattava EDC-taskulamppu. Sen t\u00e4rkeimpiin ominaisuuksiin kuuluvat:<\/p>\n\n\n\n<ul class=\"wp-block-list\">\n<li>1700 lumenin enimm\u00e4isteho ja 273 metrin enimm\u00e4iskantama.<\/li>\n\n\n\n<li>Useat kik avustavat valaistustarpeiden t\u00e4ytt\u00e4misess\u00e4 eri tilanteissa.<\/li>\n\n\n\n<li>Magneettiper\u00e4 helpottaa k\u00e4ytt\u00f6\u00e4 ilman k\u00e4si\u00e4.<\/li>\n\n\n\n<li>Kaksisuuntainen taskuklipsi mahdollistaa lippalakkikiinnitykseen.<\/li>\n\n\n\n<li>Innovatiivinen varoitusvalo voi ilmoittaa muille ja varmistaa k\u00e4ytt\u00e4jien turvallisuuden.<\/li>\n<\/ul>\n\n\n\n<h4 class=\"wp-block-heading\">Millainen LED on k\u00e4yt\u00f6ss\u00e4 E28R V2.0:ssa?<\/h4>\n\n\n\n<p>V: E28R V2.0:ssa on Luminus SST40 LED, jonka k\u00e4ytt\u00f6ik\u00e4 on 50 000 tuntia.<\/p>\n\n\n\n<h4 class=\"wp-block-heading\">Mik\u00e4 on E28R V2.0:n v\u00e4ril\u00e4mp\u00f6tila?<\/h4>\n\n\n\n<p>V: Noin 6500K.<\/p>\n\n\n\n<h4 class=\"wp-block-heading\">Mik\u00e4 on E28R V2.0:n k\u00e4ytt\u00f6j\u00e4nnite?<\/h4>\n\n\n\n<p>V: K\u00e4ytt\u00f6j\u00e4nnite on 3,0 V &#8211; 6,4 V.<\/p>\n\n\n\n<h4 class=\"wp-block-heading\">Onko E28R V2.0 ladattava? Kuinka kauan latausaika on?<\/h4>\n\n\n\n<p>V: Kyll\u00e4. E28R V2.0 voidaan ladata USB Type-C -latausportin kautta. Merkkivalo n\u00e4ytt\u00e4\u00e4 punaista latauksen aikana ja muuttuu vihre\u00e4ksi, kun se on t\u00e4ysin ladattu. Normaali latausaika on noin 3 tuntia t\u00e4ydell\u00e4 latauksella tyhj\u00e4st\u00e4.<\/p>\n\n\n\n<h4 class=\"wp-block-heading\">Miksi E28R V2.0 siirtyy alemmalle tehotasolle k\u00e4yt\u00f6n j\u00e4lkeen, eik\u00e4 korkeampaa tehotasoa voi valita?<\/h4>\n\n\n\n<p>V: T\u00e4h\u00e4n on kaksi syyt\u00e4:<\/p>\n\n\n\n<ol class=\"wp-block-list\">\n<li><strong>\u00c4lyk\u00e4s ylikuumenemissuoja<\/strong>: Taskulamppuun kertyy paljon l\u00e4mp\u00f6\u00e4, kun sit\u00e4 k\u00e4ytet\u00e4\u00e4n pitk\u00e4\u00e4n suurilla tehotasoilla. Kun valo saavuttaa 60\u00b0C tai enemm\u00e4n, se alentaa automaattisesti valotehoa muutamilla luumeneilla l\u00e4mp\u00f6tilan laskemiseksi.<\/li>\n\n\n\n<li><strong>Alhaisen j\u00e4nnitteen varoitus<\/strong>: Kun j\u00e4nnitetaso laskee alle ennalta asetetun tason, taskulamppu ohjelmoidaan siirtym\u00e4\u00e4n alempaan kirkkaustilaan, kunnes Eco-tila saavutetaan.<\/li>\n<\/ol>\n\n\n\n<h4 class=\"wp-block-heading\">Miksi E28R V2.0 saattaa vilkkua?<\/h4>\n\n\n\n<p>V: Valon vilkkumisen, katkeilun tai jopa syttym\u00e4tt\u00f6myyden mahdolliset syyt:<\/p>\n\n\n\n<ol class=\"wp-block-list\">\n<li>Heikko akun varaus.<br>Ratkaisu: Lataa tai vaihda akku.<\/li>\n\n\n\n<li>Akun tai taskulampun kontaktin likaisuus.<br>Ratkaisu: Puhdista kontaktipinnat puuvillapuikolla, joka on kostutettu isopropanolilla.<\/li>\n<\/ol>\n\n\n\n<p>Jos edell\u00e4 mainitut menetelm\u00e4t eiv\u00e4t auta, ota yhteytt\u00e4 valtuutettuun j\u00e4lleenmyyj\u00e4\u00e4si.<\/p>\n\n\n\n<h4 class=\"wp-block-heading\">Mink\u00e4laista akkua voi k\u00e4ytt\u00e4\u00e4 E28R V2.0:ssa?<\/h4>\n\n\n\n<p>V: Suositeltavaa on k\u00e4ytt\u00e4\u00e4 Fenix ARB-L18-3400 akkua. Muita Li-ion-akkuja ei suositella, koska sopimaton akku voi est\u00e4\u00e4 taskulampun toiminnan normaalisti.<\/p>\n\n\n\n<h3 class=\"wp-block-heading\">Technical details<\/h3>\n\n\n\n<figure class=\"wp-block-table\"><table><tbody><tr><td>Maximum brightness (max)<\/td><td>1700 lumenia<\/td><\/tr><tr><td>Runtime (max)<\/td><td>260 h (pienin teho)<\/td><\/tr><tr><td>Beam distance (max)<\/td><td>273 metri\u00e4<\/td><\/tr><tr><td>Peak intensity (max)<\/td><td>18588 kandela<\/td><\/tr><tr><td>Impact resistance<\/td><td>1 m<\/td><\/tr><tr><td>Water resistance<\/td><td>IP68 (t\u00e4ysin p\u00f6ly- ja vesitiivis)<\/td><\/tr><tr><td>Operating modes<\/td><td>5 kpl + Strobo + kytkinrenkaan varoitusvalo (punainen\/vihre\u00e4)<\/td><\/tr><tr><td>K\u00e4ytt\u00f6tila turbo<\/td><td>1700 lm \/ 2 h 10 min* \/ 273 m \/ 18588 cd<\/td><\/tr><tr><td>High mode<\/td><td>600 lm \/ 2 h 50 min \/ 164 m \/ 6717 cd<\/td><\/tr><tr><td>Middle mode<\/td><td>150 lm \/ 17 h 15 min \/ 80 m \/ 1618 cd<\/td><\/tr><tr><td>Low mode<\/td><td>50 lm \/ 36 h 50 min \/ 45 m \/ 512 cd<\/td><\/tr><tr><td>Eco mode<\/td><td>5 lm \/ 260 h \/ 15 m \/ 57 cd<\/td><\/tr><tr><td>Varoitusvalo<\/td><td>1 lm (punainen, vihre\u00e4, pulssivalo)<\/td><\/tr><tr><td>Strobo<\/td><td>1700 lm<\/td><\/tr><tr><td>LED type<\/td><td>Luminus SST40<\/td><\/tr><tr><td>Size<\/td><td>121 x 26,5 x 22,5 mm<\/td><\/tr><tr><td>Weight<\/td><td>128 g (sis. paristo)<\/td><\/tr><tr><td>Power source<\/td><td>18650 Li-ion ladattava akkuparisto (sis\u00e4ltyy), 2 x CR123A Lithium paristo (hankitaan erikseen)<\/td><\/tr><tr><td>Charging method<\/td><td>USB-C<\/td><\/tr><tr><td>Certifications<\/td><td>ANSI\/NEMA FL-1, ROHS, CE<\/td><\/tr><tr><td>Warranty<\/td><td>5 years<\/td><\/tr><tr><td>Package contents<\/td><td>Fenix E28R V2.0 taskulamppu, Fenix ARB-L18-3400 Li-ion 3400 mAh ladattava-akku, USB tyypin C -latauskaapeli, rannehihna, vaihdettava O-rengastiiviste, k\u00e4ytt\u00f6ohje.<\/td><\/tr><\/tbody><\/table><\/figure>\n\n\n\n<p>* The runtime of the Turbo mode is the continuous operating time at brightness levels from 100% down to 10%. Performance values are according to the ANSI\/PLATO FL1 handheld flashlight standard.<\/p>","protected":false},"excerpt":{"rendered":"<p>E28R V2.0: tehokkuutta, monipuolisuutta ja luotettavuutta<\/p>","protected":false},"featured_media":7130,"comment_status":"open","ping_status":"closed","template":"","meta":{"_kadence_starter_templates_imported_post":false,"_kad_post_transparent":"","_kad_post_title":"","_kad_post_layout":"","_kad_post_sidebar_id":"","_kad_post_content_style":"","_kad_post_vertical_padding":"","_kad_post_feature":"","_kad_post_feature_position":"","_kad_post_header":false,"_kad_post_footer":false,"_kad_post_classname":""},"product_brand":[],"product_cat":[1653,1564,1585],"product_tag":[],"class_list":{"0":"post-7125","1":"product","2":"type-product","3":"status-publish","4":"has-post-thumbnail","6":"product_cat-ale10","7":"product_cat-fenix","8":"product_cat-uudet-tuotteet","10":"first","11":"instock","12":"taxable","13":"shipping-taxable","14":"purchasable","15":"product-type-simple","16":"entry","17":"content-bg","18":"loop-entry"},"_links":{"self":[{"href":"https:\/\/kivenalla.fi\/en\/wp-json\/wp\/v2\/product\/7125","targetHints":{"allow":["GET"]}}],"collection":[{"href":"https:\/\/kivenalla.fi\/en\/wp-json\/wp\/v2\/product"}],"about":[{"href":"https:\/\/kivenalla.fi\/en\/wp-json\/wp\/v2\/types\/product"}],"replies":[{"embeddable":true,"href":"https:\/\/kivenalla.fi\/en\/wp-json\/wp\/v2\/comments?post=7125"}],"wp:featuredmedia":[{"embeddable":true,"href":"https:\/\/kivenalla.fi\/en\/wp-json\/wp\/v2\/media\/7130"}],"wp:attachment":[{"href":"https:\/\/kivenalla.fi\/en\/wp-json\/wp\/v2\/media?parent=7125"}],"wp:term":[{"taxonomy":"product_brand","embeddable":true,"href":"https:\/\/kivenalla.fi\/en\/wp-json\/wp\/v2\/product_brand?post=7125"},{"taxonomy":"product_cat","embeddable":true,"href":"https:\/\/kivenalla.fi\/en\/wp-json\/wp\/v2\/product_cat?post=7125"},{"taxonomy":"product_tag","embeddable":true,"href":"https:\/\/kivenalla.fi\/en\/wp-json\/wp\/v2\/product_tag?post=7125"}],"curies":[{"name":"wp","href":"https:\/\/api.w.org\/{rel}","templated":true}]}}