{"id":7161,"date":"2024-01-29T14:02:23","date_gmt":"2024-01-29T12:02:23","guid":{"rendered":"https:\/\/kivenalla.fi\/?post_type=product&#038;p=7161"},"modified":"2025-11-28T08:33:21","modified_gmt":"2025-11-28T06:33:21","slug":"lorpen-mens-t3-midweight-hiker-eco-sukka","status":"publish","type":"product","link":"https:\/\/kivenalla.fi\/en\/product\/lorpen-mens-t3-midweight-hiker-eco-sukka\/","title":{"rendered":"Lorpen Men\u2019s T3 Midweight Hiker ECO sock"},"content":{"rendered":"<p>Lorpen Men\u2019s T3 Midweight Hiker ECO -sukka on kest\u00e4v\u00e4 tekninen vaellussukka, joka on suunniteltu pit\u00e4m\u00e4\u00e4n jalat l\u00e4mpimin\u00e4 ja kuivina samalla tarjoten suorituskyky\u00e4 parantavan kokemuksen \u00e4\u00e4rimm\u00e4isiss\u00e4 olosuhteissa. T\u00e4m\u00e4 sukkamalli sopii retkeilij\u00f6ille, jotka tarvitsevat jaloille l\u00e4mp\u00f6\u00e4, pehmustetta ja kuivuutta. T\u00e4m\u00e4 sukka on ihanteellinen niin pitkille vaelluksille, kuin my\u00f6s lyhyemmille ulkoiluretkille.&nbsp;<\/p>\n\n\n\n<p>The main fibers of the sock are made from recycled materials, and merino wool adds extra warmth and comfort. A durable and eco-friendly choice for hiking.&nbsp;<\/p>\n\n\n\n<p>Lorpen is one of the leading manufacturers of sports socks, known worldwide for their durability and very high quality. These socks feature three layers (T3 technology) that provide maximum moisture transfer away from your feet. You can exercise comfortably and enjoy supportive sports socks that keep your feet dry, warm in winter, and cool in summer when needed. The layers are thin, making the sock comfortable to wear while still providing the necessary support and protection to prevent chafing and blisters.&nbsp;<\/p>\n\n\n\n<p>Lorpen is the only brand in the world that makes socks using T3 technology. This is achieved by combining three different yarn layers: the innermost layer, which touches the skin, wicks away sweat and keeps the skin dry; the second yarn layer in the outer-middle part of the sock moves sweat away from the skin; and the outermost layer is a strong yarn that protects the sock from wear and extends its lifespan. The manufacturing process is partly handcrafted. This results in the world\u2019s best sports sock made from the finest fibers.<\/p>\n\n\n\n<p>Lorpen socks are made in Europe, in the Pyrenees of Spain.<\/p>\n\n\n\n<p><strong>Technical details&nbsp;<\/strong><\/p>\n\n\n\n<p>Technical sock for hiking and trekking<br>Vahvistettu pohja<br>T3 technology<br>Package contains one pair of socks (2 socks)&nbsp;<br>Valittavana joko musta, tai hiilenharmaa sukka vihreill\u00e4 yksityiskohdilla.&nbsp;<\/p>\n\n\n\n<p><strong>Size table:&nbsp;<\/strong><br>Men&nbsp;<br>M \/ EU: 39 \u2013 42&nbsp;<br>L \/ EU: 43 \u2013 46&nbsp;<\/p>\n\n\n\n<p>34% Merino Wool, 25% Red-cycled Nylon, 21% Primaloft ECO, 20% Stretch Nylon with Lycra<\/p>","protected":false},"excerpt":{"rendered":"<p>Lorpen Men\u2019s T3 Midweight Hiker ECO -sukka on kest\u00e4v\u00e4 tekninen vaellussukka, joka on suunniteltu pit\u00e4m\u00e4\u00e4n jalat l\u00e4mpimin\u00e4 ja kuivina samalla tarjoten suorituskyky\u00e4 parantavan kokemuksen \u00e4\u00e4rimm\u00e4isiss\u00e4 olosuhteissa.<\/p>","protected":false},"featured_media":7150,"comment_status":"open","ping_status":"closed","template":"","meta":{"_kadence_starter_templates_imported_post":false,"_kad_post_transparent":"","_kad_post_title":"","_kad_post_layout":"","_kad_post_sidebar_id":"","_kad_post_content_style":"","_kad_post_vertical_padding":"","_kad_post_feature":"","_kad_post_feature_position":"","_kad_post_header":false,"_kad_post_footer":false,"_kad_post_classname":""},"product_brand":[],"product_cat":[1654,1662,1598,1585],"product_tag":[],"class_list":{"0":"post-7161","1":"product","2":"type-product","3":"status-publish","4":"has-post-thumbnail","6":"product_cat-ale20","7":"product_cat-joulu","8":"product_cat-sukat","9":"product_cat-uudet-tuotteet","11":"first","12":"onbackorder","13":"taxable","14":"shipping-taxable","15":"purchasable","16":"product-type-variable","17":"has-default-attributes","18":"entry","19":"content-bg","20":"loop-entry"},"_links":{"self":[{"href":"https:\/\/kivenalla.fi\/en\/wp-json\/wp\/v2\/product\/7161","targetHints":{"allow":["GET"]}}],"collection":[{"href":"https:\/\/kivenalla.fi\/en\/wp-json\/wp\/v2\/product"}],"about":[{"href":"https:\/\/kivenalla.fi\/en\/wp-json\/wp\/v2\/types\/product"}],"replies":[{"embeddable":true,"href":"https:\/\/kivenalla.fi\/en\/wp-json\/wp\/v2\/comments?post=7161"}],"wp:featuredmedia":[{"embeddable":true,"href":"https:\/\/kivenalla.fi\/en\/wp-json\/wp\/v2\/media\/7150"}],"wp:attachment":[{"href":"https:\/\/kivenalla.fi\/en\/wp-json\/wp\/v2\/media?parent=7161"}],"wp:term":[{"taxonomy":"product_brand","embeddable":true,"href":"https:\/\/kivenalla.fi\/en\/wp-json\/wp\/v2\/product_brand?post=7161"},{"taxonomy":"product_cat","embeddable":true,"href":"https:\/\/kivenalla.fi\/en\/wp-json\/wp\/v2\/product_cat?post=7161"},{"taxonomy":"product_tag","embeddable":true,"href":"https:\/\/kivenalla.fi\/en\/wp-json\/wp\/v2\/product_tag?post=7161"}],"curies":[{"name":"wp","href":"https:\/\/api.w.org\/{rel}","templated":true}]}}